{"id":1143,"date":"2016-02-05T14:32:19","date_gmt":"2016-02-05T13:32:19","guid":{"rendered":"https:\/\/www.lungcancergroup.de\/en\/newsletter\/"},"modified":"2020-07-06T07:25:58","modified_gmt":"2020-07-06T05:25:58","slug":"newsletter","status":"publish","type":"page","link":"https:\/\/www.lungcancergroup.de\/en\/newsletter\/","title":{"rendered":"Newsletter"},"content":{"rendered":"<p>[et_pb_section admin_label=&#8221;section&#8221;][et_pb_row admin_label=&#8221;Zeile&#8221;][et_pb_column type=&#8221;4_4&#8243;][et_pb_post_title admin_label=&#8221;Posttitel&#8221; title=&#8221;on&#8221; meta=&#8221;off&#8221; author=&#8221;on&#8221; date=&#8221;on&#8221; categories=&#8221;on&#8221; comments=&#8221;on&#8221; featured_image=&#8221;off&#8221; featured_placement=&#8221;below&#8221; parallax_effect=&#8221;on&#8221; parallax_method=&#8221;on&#8221; text_orientation=&#8221;left&#8221; text_color=&#8221;dark&#8221; text_background=&#8221;off&#8221; text_bg_color=&#8221;rgba(255,255,255,0.9)&#8221; module_bg_color=&#8221;rgba(255,255,255,0)&#8221; title_all_caps=&#8221;off&#8221; meta_font_size=&#8221;14&#8243; use_border_color=&#8221;off&#8221; border_color=&#8221;#ffffff&#8221; border_style=&#8221;solid&#8221;] [\/et_pb_post_title][\/et_pb_column][\/et_pb_row][et_pb_row admin_label=&#8221;row&#8221;][et_pb_column type=&#8221;1_2&#8243;][et_pb_text admin_label=&#8221;Melden Sie sich f\u00fcr unsere Newsletter an!&#8221; background_layout=&#8221;light&#8221; text_orientation=&#8221;left&#8221; text_font_size=&#8221;14&#8243; use_border_color=&#8221;off&#8221; border_color=&#8221;#ffffff&#8221; border_style=&#8221;solid&#8221;]<\/p>\n<h4>Bleiben Sie auf dem Laufenden<\/h4>\n<p>\u2026 mit unserem Newsletter!<\/p>\n<p>Informatives und Aktuelles zu Studien und Publikationen &#8211; alle 2 Monate.<\/p>\n<p>Mit * versehene Felder sind Pflichtangaben.<\/p>\n<p>[\/et_pb_text][\/et_pb_column][et_pb_column type=&#8221;1_2&#8243;][et_pb_text admin_label=&#8221;Newsletter-Formular&#8221; background_layout=&#8221;light&#8221; text_orientation=&#8221;left&#8221; text_font_size=&#8221;14&#8243; use_border_color=&#8221;off&#8221; border_color=&#8221;#ffffff&#8221; border_style=&#8221;solid&#8221;] <script>(function() {\n\twindow.mc4wp = window.mc4wp || {\n\t\tlisteners: [],\n\t\tforms: {\n\t\t\ton: function(evt, cb) {\n\t\t\t\twindow.mc4wp.listeners.push(\n\t\t\t\t\t{\n\t\t\t\t\t\tevent   : evt,\n\t\t\t\t\t\tcallback: cb\n\t\t\t\t\t}\n\t\t\t\t);\n\t\t\t}\n\t\t}\n\t}\n})();\n<\/script><!-- Mailchimp for WordPress v4.10.7 - https:\/\/wordpress.org\/plugins\/mailchimp-for-wp\/ --><form id=\"mc4wp-form-1\" class=\"mc4wp-form mc4wp-form-1123 mc4wp-form-basic\" method=\"post\" data-id=\"1123\" data-name=\"Default sign-up form\" ><div class=\"mc4wp-form-fields\"><p>\r\n    <label>Vorname<\/label>\r\n    <input type=\"text\" name=\"FNAME\">\r\n<\/p>\r\n<p>\r\n    <label>Nachname<\/label>\r\n    <input type=\"text\" name=\"LNAME\">\r\n<\/p>\r\n<p>\r\n\t<label>E-Mail*<\/label>\r\n\t<input type=\"email\" id=\"mc4wp_email\" name=\"EMAIL\" required \/>\r\n<\/p>\r\n<p>\r\n    <label>Einverst\u00e4ndniserkl\u00e4rung*<\/label>\r\n    <input type=\"checkbox\" id=\"check1\" name=\"Einverstaendniserklaerung\" required style=\"display:inline-block;\"> <label style=\"width: 90%;display: inline-block;vertical-align: top;font-size: 12px;padding-top: 4px;\" for=\"check1\">Mit Klick auf \u201eAnmelden\u201c und Angabe meiner E-Mail-Adresse willige ich bis auf Widerruf ein, \u00fcber \u201eAktuelle Informationen und Veranstaltungen\u201c der Lung Cancer Group Cologne (LCGC) und des <a href=\"http:\/\/ngm-cancer.com\" target=\"_blank\">Netzwerk Genomische Medizin (NGM) Lungenkrebs<\/a> informiert zu werden. Zu diesem Zweck werden meine personenbezogenen Daten verarbeitet. N\u00e4here Informationen zur Verarbeitung meiner Daten kann ich den <a href=\"\/datenschutzerklaerung\/\" target=\"_blank\">Datenschutzhinweisen<\/a> entnehmen. Diese Einwilligung kann ich jederzeit mit Wirkung f\u00fcr die Zukunft widerrufen, z.B. per Abmeldelink am Ende eines jeden Newsletters.<\/label>\r\n<\/p>\r\n<p>\r\n\t<input class=\"newsletter-submit\" type=\"submit\" value=\"Anmelden\" \/>\r\n<\/p><\/div><label style=\"display: none !important;\">Leave this field empty if you're human: <input type=\"text\" name=\"_mc4wp_honeypot\" value=\"\" tabindex=\"-1\" autocomplete=\"off\" \/><\/label><input type=\"hidden\" name=\"_mc4wp_timestamp\" value=\"1777453104\" \/><input type=\"hidden\" name=\"_mc4wp_form_id\" value=\"1123\" \/><input type=\"hidden\" name=\"_mc4wp_form_element_id\" value=\"mc4wp-form-1\" \/><div class=\"mc4wp-response\"><\/div><\/form><!-- \/ Mailchimp for WordPress Plugin --> [\/et_pb_text][\/et_pb_column][\/et_pb_row][\/et_pb_section][et_pb_section fullwidth=&#8221;off&#8221; specialty=&#8221;off&#8221; admin_label=&#8221;Sektion&#8221; transparent_background=&#8221;off&#8221; background_color=&#8221;#efefef&#8221; allow_player_pause=&#8221;off&#8221; inner_shadow=&#8221;off&#8221; parallax=&#8221;off&#8221; parallax_method=&#8221;off&#8221; padding_mobile=&#8221;off&#8221; make_fullwidth=&#8221;off&#8221; use_custom_width=&#8221;off&#8221; width_unit=&#8221;on&#8221; make_equal=&#8221;off&#8221; use_custom_gutter=&#8221;off&#8221;][et_pb_row admin_label=&#8221;Zeile&#8221;][et_pb_column type=&#8221;4_4&#8243;][et_pb_text admin_label=&#8221;Text&#8221; background_layout=&#8221;light&#8221; text_orientation=&#8221;left&#8221; use_border_color=&#8221;off&#8221; border_color=&#8221;#ffffff&#8221; border_style=&#8221;solid&#8221;]<\/p>\n<h2>Newsletter-Archiv<\/h2>\n<p>[\/et_pb_text][et_pb_code admin_label=&#8221;Code&#8221;]&lt;style type=&#8221;text\/css&#8221;&gt; &lt;!&#8211; .display_archive { font-size: 12px;} .campaign {line-height: 125%; margin: 5px;} \/\/&#8211;&gt; &lt;\/style&gt; &lt;script language=&#8221;javascript&#8221; src=&#8221;\/\/lungcancergroup.us12.list-manage.com\/generate-js\/?u=7484b26319df445c53c5303c9&amp;fid=3853&amp;show=10&#8243; type=&#8221;text\/javascript&#8221;&gt;&lt;\/script&gt;[\/et_pb_code][\/et_pb_column][\/et_pb_row][\/et_pb_section][et_pb_section admin_label=&#8221;section&#8221; global_module=&#8221;1133&#8243; background_image=&#8221;https:\/\/www.lungcancergroup.de\/wp-content\/uploads\/2015\/12\/291_LCGC_BG-Grafik.png&#8221; transparent_background=&#8221;off&#8221; allow_player_pause=&#8221;off&#8221; inner_shadow=&#8221;off&#8221; parallax=&#8221;on&#8221; parallax_method=&#8221;on&#8221; padding_mobile=&#8221;off&#8221; make_fullwidth=&#8221;off&#8221; use_custom_width=&#8221;off&#8221; width_unit=&#8221;on&#8221; make_equal=&#8221;off&#8221; use_custom_gutter=&#8221;off&#8221; gutter_width=&#8221;3&#8243; background_color=&#8221;#d5edfc&#8221;][et_pb_row global_parent=&#8221;1133&#8243; admin_label=&#8221;row&#8221; make_fullwidth=&#8221;off&#8221; use_custom_width=&#8221;off&#8221; width_unit=&#8221;on&#8221; use_custom_gutter=&#8221;off&#8221; gutter_width=&#8221;3&#8243; padding_mobile=&#8221;off&#8221; allow_player_pause=&#8221;off&#8221; parallax=&#8221;off&#8221; parallax_method=&#8221;off&#8221; make_equal=&#8221;off&#8221; parallax_1=&#8221;off&#8221; parallax_method_1=&#8221;off&#8221; background_color_1=&#8221;#ffffff&#8221; padding_top_1=&#8221;32px&#8221; padding_right_1=&#8221;32px&#8221; padding_bottom_1=&#8221;32px&#8221; padding_left_1=&#8221;32px&#8221; parallax_2=&#8221;off&#8221; parallax_method_2=&#8221;off&#8221; background_color_2=&#8221;#ffffff&#8221; padding_top_2=&#8221;32px&#8221; padding_right_2=&#8221;32px&#8221; padding_bottom_2=&#8221;32px&#8221; padding_left_2=&#8221;32px&#8221; parallax_3=&#8221;off&#8221; parallax_method_3=&#8221;off&#8221; background_color_3=&#8221;#ffffff&#8221; padding_top_3=&#8221;32px&#8221; padding_right_3=&#8221;32px&#8221; padding_bottom_3=&#8221;32px&#8221; padding_left_3=&#8221;32px&#8221; column_padding_mobile=&#8221;on&#8221;][et_pb_column type=&#8221;1_3&#8243;][et_pb_image global_parent=&#8221;1133&#8243; admin_label=&#8221;Bild&#8221; show_in_lightbox=&#8221;off&#8221; url_new_window=&#8221;off&#8221; animation=&#8221;fade_in&#8221; sticky=&#8221;off&#8221; align=&#8221;center&#8221; force_fullwidth=&#8221;off&#8221; always_center_on_mobile=&#8221;on&#8221; use_border_color=&#8221;off&#8221; border_color=&#8221;#ffffff&#8221; border_style=&#8221;solid&#8221; src=&#8221;https:\/\/www.lungcancergroup.de\/wp-content\/uploads\/2015\/12\/291_NGM_Logo-DE_RGB_160211.png&#8221;] [\/et_pb_image][et_pb_divider global_parent=&#8221;1133&#8243; admin_label=&#8221;Teiler&#8221; color=&#8221;#ffffff&#8221; show_divider=&#8221;off&#8221; height=&#8221;3&#8243; divider_style=&#8221;solid&#8221; divider_position=&#8221;top&#8221; divider_weight=&#8221;1&#8243; hide_on_mobile=&#8221;on&#8221;] [\/et_pb_divider][et_pb_text global_parent=&#8221;1133&#8243; admin_label=&#8221;\u00dcber die NGM&#8221; background_layout=&#8221;light&#8221; text_orientation=&#8221;center&#8221; text_font_size=&#8221;14&#8243; use_border_color=&#8221;off&#8221; border_color=&#8221;#ffffff&#8221; border_style=&#8221;solid&#8221;]<\/p>\n<h2>NGM<\/h2>\n<p>Das <strong>Netzwerk Genomische Medizin<\/strong> (NGM) Lungenkrebs wurde im M\u00e4rz 2010 von der K\u00f6lner Lungenkrebsgruppe (Lung Cancer Group Cologne) gegr\u00fcndet, um zun\u00e4chst in Nordrhein-Westfalen eine umfassende und qualitativ hochwertige molekulare Diagnostik f\u00fcr alle Patienten mit Lungenkrebs anzubieten und so die Implementierung personalisierter Therapie in der klinischen Routineversorgung zu f\u00f6rdern. Mittlerweile agiert das NGM bundesweit und strebt eine Fl\u00e4chendeckung in Deutschland an. [\/et_pb_text][et_pb_cta global_parent=&#8221;1133&#8243; admin_label=&#8221;Handlungsaufruf&#8221; button_url=&#8221;http:\/\/www.ngm-cancer.com\/&#8221; url_new_window=&#8221;on&#8221; button_text=&#8221;\u2026 mehr erfahren&#8221; use_background_color=&#8221;off&#8221; background_color=&#8221;#ffffff&#8221; background_layout=&#8221;light&#8221; text_orientation=&#8221;center&#8221; header_font_size=&#8221;26&#8243; body_font_size=&#8221;14&#8243; use_border_color=&#8221;off&#8221; border_color=&#8221;#ffffff&#8221; border_style=&#8221;solid&#8221; custom_button=&#8221;off&#8221; button_text_size=&#8221;20&#8243; button_border_width=&#8221;2&#8243; button_border_radius=&#8221;3&#8243; button_letter_spacing=&#8221;0&#8243; button_use_icon=&#8221;default&#8221; button_icon_placement=&#8221;right&#8221; button_on_hover=&#8221;on&#8221; button_border_radius_hover=&#8221;3&#8243; button_letter_spacing_hover=&#8221;0&#8243;] [\/et_pb_cta][\/et_pb_column][et_pb_column type=&#8221;1_3&#8243;][et_pb_image global_parent=&#8221;1133&#8243; admin_label=&#8221;Bild&#8221; src=&#8221;https:\/\/www.lungcancergroup.de\/wp-content\/uploads\/2015\/12\/CIO-Logo_RGB.png&#8221; show_in_lightbox=&#8221;off&#8221; url_new_window=&#8221;off&#8221; animation=&#8221;fade_in&#8221; sticky=&#8221;off&#8221; align=&#8221;center&#8221; force_fullwidth=&#8221;off&#8221; always_center_on_mobile=&#8221;on&#8221; use_border_color=&#8221;off&#8221; border_color=&#8221;#ffffff&#8221; border_style=&#8221;solid&#8221;] [\/et_pb_image][et_pb_divider global_parent=&#8221;1133&#8243; admin_label=&#8221;Teiler&#8221; color=&#8221;#ffffff&#8221; show_divider=&#8221;off&#8221; height=&#8221;3&#8243; divider_style=&#8221;solid&#8221; divider_position=&#8221;top&#8221; divider_weight=&#8221;1&#8243; hide_on_mobile=&#8221;on&#8221;] [\/et_pb_divider][et_pb_text global_parent=&#8221;1133&#8243; admin_label=&#8221;\u00dcber die CIO&#8221; background_layout=&#8221;light&#8221; text_orientation=&#8221;center&#8221; text_font_size=&#8221;14&#8243; use_border_color=&#8221;off&#8221; border_color=&#8221;#ffffff&#8221; border_style=&#8221;solid&#8221;]<\/p>\n<h2>CIO<\/h2>\n<p>Das <strong>Centrum f\u00fcr Integrierte Onkologie K\u00f6ln Bonn<\/strong> wurde 2007 gegr\u00fcndet und wird seit 2008 wiederholt als Onkologisches Spitzenzentrum von der Deutschen Krebshilfe ausgezeichnet. In dem Verbund der Universit\u00e4tskliniken K\u00f6ln und Bonn arbeiten alle an der Diagnostik, Behandlung und Betreuung von Patienten mit der Diagnose Krebs beteiligten Kliniken und Institute zusammen. Ziel ist die konsequente und stetige Verbesserung der Behandlung und Betreuung von Krebspatienten. [\/et_pb_text][et_pb_divider global_parent=&#8221;1133&#8243; admin_label=&#8221;Teiler&#8221; color=&#8221;#ffffff&#8221; show_divider=&#8221;off&#8221; height=&#8221;4&#8243; divider_style=&#8221;solid&#8221; divider_position=&#8221;top&#8221; divider_weight=&#8221;1&#8243; hide_on_mobile=&#8221;on&#8221;] [\/et_pb_divider][et_pb_cta global_parent=&#8221;1133&#8243; admin_label=&#8221;Handlungsaufruf&#8221; button_url=&#8221;http:\/\/www.cio-koeln-bonn.de\/&#8221; url_new_window=&#8221;on&#8221; button_text=&#8221;\u2026 mehr erfahren&#8221; use_background_color=&#8221;off&#8221; background_color=&#8221;#ffffff&#8221; background_layout=&#8221;light&#8221; text_orientation=&#8221;center&#8221; header_font_size=&#8221;26&#8243; body_font_size=&#8221;14&#8243; use_border_color=&#8221;off&#8221; border_color=&#8221;#ffffff&#8221; border_style=&#8221;solid&#8221; custom_button=&#8221;off&#8221; button_text_size=&#8221;20&#8243; button_border_width=&#8221;2&#8243; button_border_radius=&#8221;3&#8243; button_letter_spacing=&#8221;0&#8243; button_use_icon=&#8221;default&#8221; button_icon_placement=&#8221;right&#8221; button_on_hover=&#8221;on&#8221; button_border_radius_hover=&#8221;3&#8243; button_letter_spacing_hover=&#8221;0&#8243;] [\/et_pb_cta][\/et_pb_column][et_pb_column type=&#8221;1_3&#8243;][et_pb_image global_parent=&#8221;1133&#8243; admin_label=&#8221;Bild&#8221; src=&#8221;https:\/\/www.lungcancergroup.de\/wp-content\/uploads\/2015\/12\/UKK.png&#8221; show_in_lightbox=&#8221;off&#8221; url_new_window=&#8221;off&#8221; animation=&#8221;fade_in&#8221; sticky=&#8221;off&#8221; align=&#8221;center&#8221; force_fullwidth=&#8221;off&#8221; always_center_on_mobile=&#8221;on&#8221; use_border_color=&#8221;off&#8221; border_color=&#8221;#ffffff&#8221; border_style=&#8221;solid&#8221;] [\/et_pb_image][et_pb_divider global_parent=&#8221;1133&#8243; admin_label=&#8221;Teiler&#8221; color=&#8221;#ffffff&#8221; show_divider=&#8221;off&#8221; height=&#8221;3&#8243; divider_style=&#8221;solid&#8221; divider_position=&#8221;top&#8221; divider_weight=&#8221;1&#8243; hide_on_mobile=&#8221;on&#8221;] [\/et_pb_divider][et_pb_text global_parent=&#8221;1133&#8243; admin_label=&#8221;\u00dcber das UKK&#8221; background_layout=&#8221;light&#8221; text_orientation=&#8221;center&#8221; text_font_size=&#8221;14&#8243; use_border_color=&#8221;off&#8221; border_color=&#8221;#ffffff&#8221; border_style=&#8221;solid&#8221;]<\/p>\n<h2>UKK<\/h2>\n<p>Als modernes Krankenhaus der Maximalversorgung mit rund 1.400 Betten hat sich die <strong>Uniklinik K\u00f6ln<\/strong> einer wissenschaftsnahen, innovativen Medizin verschrieben und \u00fcbernimmt wichtige gesellschaftliche Aufgaben in Forschung, Lehre und Krankenversorgung. J\u00e4hrlich lassen sich in der Uniklinik K\u00f6ln \u00fcber 312.000 Patientinnen und Patienten behandeln, davon \u00fcber 60.000 station\u00e4r. [\/et_pb_text][et_pb_divider global_parent=&#8221;1133&#8243; admin_label=&#8221;Teiler&#8221; color=&#8221;#ffffff&#8221; show_divider=&#8221;off&#8221; height=&#8221;58&#8243; divider_style=&#8221;solid&#8221; divider_position=&#8221;top&#8221; divider_weight=&#8221;1&#8243; hide_on_mobile=&#8221;on&#8221;] [\/et_pb_divider][et_pb_cta global_parent=&#8221;1133&#8243; admin_label=&#8221;Handlungsaufruf&#8221; button_url=&#8221;http:\/\/www.uk-koeln.de\/&#8221; url_new_window=&#8221;on&#8221; button_text=&#8221;\u2026 mehr erfahren&#8221; use_background_color=&#8221;off&#8221; background_color=&#8221;#ffffff&#8221; background_layout=&#8221;light&#8221; text_orientation=&#8221;center&#8221; header_font_size=&#8221;26&#8243; body_font_size=&#8221;14&#8243; use_border_color=&#8221;off&#8221; border_color=&#8221;#ffffff&#8221; border_style=&#8221;solid&#8221; custom_button=&#8221;off&#8221; button_text_size=&#8221;20&#8243; button_border_width=&#8221;2&#8243; button_border_radius=&#8221;3&#8243; button_letter_spacing=&#8221;0&#8243; button_use_icon=&#8221;default&#8221; button_icon_placement=&#8221;right&#8221; button_on_hover=&#8221;on&#8221; button_border_radius_hover=&#8221;3&#8243; button_letter_spacing_hover=&#8221;0&#8243;] [\/et_pb_cta][\/et_pb_column][\/et_pb_row][\/et_pb_section]<\/p>\n","protected":false},"excerpt":{"rendered":"<p>Bleiben Sie auf dem Laufenden \u2026 mit unserem Newsletter! Informatives und Aktuelles zu Studien und Publikationen &#8211; alle 2 Monate. Mit * versehene Felder sind Pflichtangaben. <script>(function() {\n\twindow.mc4wp = window.mc4wp || {\n\t\tlisteners: [],\n\t\tforms: {\n\t\t\ton: function(evt, cb) {\n\t\t\t\twindow.mc4wp.listeners.push(\n\t\t\t\t\t{\n\t\t\t\t\t\tevent   : evt,\n\t\t\t\t\t\tcallback: cb\n\t\t\t\t\t}\n\t\t\t\t);\n\t\t\t}\n\t\t}\n\t}\n})();\n<\/script><!-- Mailchimp for WordPress v4.10.7 - https:\/\/wordpress.org\/plugins\/mailchimp-for-wp\/ --><form id=\"mc4wp-form-2\" class=\"mc4wp-form mc4wp-form-1123 mc4wp-form-basic\" method=\"post\" data-id=\"1123\" data-name=\"Default sign-up form\" ><div class=\"mc4wp-form-fields\"><p>\r\n    <label>Vorname<\/label>\r\n    <input type=\"text\" name=\"FNAME\">\r\n<\/p>\r\n<p>\r\n    <label>Nachname<\/label>\r\n    <input type=\"text\" name=\"LNAME\">\r\n<\/p>\r\n<p>\r\n\t<label>E-Mail*<\/label>\r\n\t<input type=\"email\" id=\"mc4wp_email\" name=\"EMAIL\" required \/>\r\n<\/p>\r\n<p>\r\n    <label>Einverst\u00e4ndniserkl\u00e4rung*<\/label>\r\n    <input type=\"checkbox\" id=\"check1\" name=\"Einverstaendniserklaerung\" required style=\"display:inline-block;\"> <label style=\"width: 90%;display: inline-block;vertical-align: top;font-size: 12px;padding-top: 4px;\" for=\"check1\">Mit Klick auf \u201eAnmelden\u201c und Angabe meiner E-Mail-Adresse willige ich bis auf Widerruf ein, \u00fcber \u201eAktuelle Informationen und Veranstaltungen\u201c der Lung Cancer Group Cologne (LCGC) und des <a href=\"http:\/\/ngm-cancer.com\" target=\"_blank\">Netzwerk Genomische Medizin (NGM) Lungenkrebs<\/a> informiert zu werden. Zu diesem Zweck werden meine personenbezogenen Daten verarbeitet. N\u00e4here Informationen zur Verarbeitung meiner Daten kann ich den <a href=\"\/datenschutzerklaerung\/\" target=\"_blank\">Datenschutzhinweisen<\/a> entnehmen. Diese Einwilligung kann ich jederzeit mit Wirkung f\u00fcr die Zukunft widerrufen, z.B. per Abmeldelink am Ende eines jeden Newsletters.<\/label>\r\n<\/p>\r\n<p>\r\n\t<input class=\"newsletter-submit\" type=\"submit\" value=\"Anmelden\" \/>\r\n<\/p><\/div><label style=\"display: none !important;\">Leave this field empty if you're human: <input type=\"text\" name=\"_mc4wp_honeypot\" value=\"\" tabindex=\"-1\" autocomplete=\"off\" \/><\/label><input type=\"hidden\" name=\"_mc4wp_timestamp\" value=\"1777453104\" \/><input type=\"hidden\" name=\"_mc4wp_form_id\" value=\"1123\" \/><input type=\"hidden\" name=\"_mc4wp_form_element_id\" value=\"mc4wp-form-2\" \/><div class=\"mc4wp-response\"><\/div><\/form><!-- \/ Mailchimp for WordPress Plugin --> Newsletter-Archiv NGM Das Netzwerk Genomische Medizin (NGM) Lungenkrebs wurde im M\u00e4rz 2010 von der K\u00f6lner Lungenkrebsgruppe (Lung Cancer Group Cologne) gegr\u00fcndet, um zun\u00e4chst in Nordrhein-Westfalen eine umfassende [&hellip;]<\/p>\n","protected":false},"author":19,"featured_media":0,"parent":0,"menu_order":0,"comment_status":"closed","ping_status":"closed","template":"","meta":{"_et_pb_use_builder":"on","_et_pb_old_content":"","_et_gb_content_width":"","footnotes":""},"class_list":["post-1143","page","type-page","status-publish","hentry"],"yoast_head":"<!-- This site is optimized with the Yoast SEO plugin v24.7 - https:\/\/yoast.com\/wordpress\/plugins\/seo\/ -->\n<title>Newsletter - Lung Cancer Group Cologne<\/title>\n<meta name=\"robots\" content=\"index, follow, max-snippet:-1, max-image-preview:large, max-video-preview:-1\" \/>\n<link rel=\"canonical\" href=\"https:\/\/www.lungcancergroup.de\/en\/newsletter\/\" \/>\n<meta property=\"og:locale\" content=\"en_US\" \/>\n<meta property=\"og:type\" content=\"article\" \/>\n<meta property=\"og:title\" content=\"Newsletter - Lung Cancer Group Cologne\" \/>\n<meta property=\"og:description\" content=\"Bleiben Sie auf dem Laufenden \u2026 mit unserem Newsletter! Informatives und Aktuelles zu Studien und Publikationen - alle 2 Monate. Mit * versehene Felder sind Pflichtangaben. Newsletter-Archiv NGM Das Netzwerk Genomische Medizin (NGM) Lungenkrebs wurde im M\u00e4rz 2010 von der K\u00f6lner Lungenkrebsgruppe (Lung Cancer Group Cologne) gegr\u00fcndet, um zun\u00e4chst in Nordrhein-Westfalen eine umfassende [&hellip;]\" \/>\n<meta property=\"og:url\" content=\"https:\/\/www.lungcancergroup.de\/en\/newsletter\/\" \/>\n<meta property=\"og:site_name\" content=\"Lung Cancer Group Cologne\" \/>\n<meta property=\"article:modified_time\" content=\"2020-07-06T05:25:58+00:00\" \/>\n<meta name=\"twitter:card\" content=\"summary_large_image\" \/>\n<meta name=\"twitter:label1\" content=\"Est. reading time\" \/>\n\t<meta name=\"twitter:data1\" content=\"7 minutes\" \/>\n<script type=\"application\/ld+json\" class=\"yoast-schema-graph\">{\"@context\":\"https:\/\/schema.org\",\"@graph\":[{\"@type\":\"WebPage\",\"@id\":\"https:\/\/www.lungcancergroup.de\/en\/newsletter\/\",\"url\":\"https:\/\/www.lungcancergroup.de\/en\/newsletter\/\",\"name\":\"Newsletter - Lung Cancer Group Cologne\",\"isPartOf\":{\"@id\":\"https:\/\/www.lungcancergroup.de\/en\/#website\"},\"datePublished\":\"2016-02-05T13:32:19+00:00\",\"dateModified\":\"2020-07-06T05:25:58+00:00\",\"breadcrumb\":{\"@id\":\"https:\/\/www.lungcancergroup.de\/en\/newsletter\/#breadcrumb\"},\"inLanguage\":\"en-US\",\"potentialAction\":[{\"@type\":\"ReadAction\",\"target\":[\"https:\/\/www.lungcancergroup.de\/en\/newsletter\/\"]}]},{\"@type\":\"BreadcrumbList\",\"@id\":\"https:\/\/www.lungcancergroup.de\/en\/newsletter\/#breadcrumb\",\"itemListElement\":[{\"@type\":\"ListItem\",\"position\":1,\"name\":\"Startseite\",\"item\":\"https:\/\/www.lungcancergroup.de\/en\/\"},{\"@type\":\"ListItem\",\"position\":2,\"name\":\"Newsletter\"}]},{\"@type\":\"WebSite\",\"@id\":\"https:\/\/www.lungcancergroup.de\/en\/#website\",\"url\":\"https:\/\/www.lungcancergroup.de\/en\/\",\"name\":\"Lung Cancer Group Cologne\",\"description\":\"Lungenkrebs Studiengruppe K\u00f6ln\",\"potentialAction\":[{\"@type\":\"SearchAction\",\"target\":{\"@type\":\"EntryPoint\",\"urlTemplate\":\"https:\/\/www.lungcancergroup.de\/en\/?s={search_term_string}\"},\"query-input\":{\"@type\":\"PropertyValueSpecification\",\"valueRequired\":true,\"valueName\":\"search_term_string\"}}],\"inLanguage\":\"en-US\"}]}<\/script>\n<!-- \/ Yoast SEO plugin. -->","yoast_head_json":{"title":"Newsletter - Lung Cancer Group Cologne","robots":{"index":"index","follow":"follow","max-snippet":"max-snippet:-1","max-image-preview":"max-image-preview:large","max-video-preview":"max-video-preview:-1"},"canonical":"https:\/\/www.lungcancergroup.de\/en\/newsletter\/","og_locale":"en_US","og_type":"article","og_title":"Newsletter - Lung Cancer Group Cologne","og_description":"Bleiben Sie auf dem Laufenden \u2026 mit unserem Newsletter! Informatives und Aktuelles zu Studien und Publikationen - alle 2 Monate. Mit * versehene Felder sind Pflichtangaben. Newsletter-Archiv NGM Das Netzwerk Genomische Medizin (NGM) Lungenkrebs wurde im M\u00e4rz 2010 von der K\u00f6lner Lungenkrebsgruppe (Lung Cancer Group Cologne) gegr\u00fcndet, um zun\u00e4chst in Nordrhein-Westfalen eine umfassende [&hellip;]","og_url":"https:\/\/www.lungcancergroup.de\/en\/newsletter\/","og_site_name":"Lung Cancer Group Cologne","article_modified_time":"2020-07-06T05:25:58+00:00","twitter_card":"summary_large_image","twitter_misc":{"Est. reading time":"7 minutes"},"schema":{"@context":"https:\/\/schema.org","@graph":[{"@type":"WebPage","@id":"https:\/\/www.lungcancergroup.de\/en\/newsletter\/","url":"https:\/\/www.lungcancergroup.de\/en\/newsletter\/","name":"Newsletter - Lung Cancer Group Cologne","isPartOf":{"@id":"https:\/\/www.lungcancergroup.de\/en\/#website"},"datePublished":"2016-02-05T13:32:19+00:00","dateModified":"2020-07-06T05:25:58+00:00","breadcrumb":{"@id":"https:\/\/www.lungcancergroup.de\/en\/newsletter\/#breadcrumb"},"inLanguage":"en-US","potentialAction":[{"@type":"ReadAction","target":["https:\/\/www.lungcancergroup.de\/en\/newsletter\/"]}]},{"@type":"BreadcrumbList","@id":"https:\/\/www.lungcancergroup.de\/en\/newsletter\/#breadcrumb","itemListElement":[{"@type":"ListItem","position":1,"name":"Startseite","item":"https:\/\/www.lungcancergroup.de\/en\/"},{"@type":"ListItem","position":2,"name":"Newsletter"}]},{"@type":"WebSite","@id":"https:\/\/www.lungcancergroup.de\/en\/#website","url":"https:\/\/www.lungcancergroup.de\/en\/","name":"Lung Cancer Group Cologne","description":"Lungenkrebs Studiengruppe K\u00f6ln","potentialAction":[{"@type":"SearchAction","target":{"@type":"EntryPoint","urlTemplate":"https:\/\/www.lungcancergroup.de\/en\/?s={search_term_string}"},"query-input":{"@type":"PropertyValueSpecification","valueRequired":true,"valueName":"search_term_string"}}],"inLanguage":"en-US"}]}},"_links":{"self":[{"href":"https:\/\/www.lungcancergroup.de\/en\/wp-json\/wp\/v2\/pages\/1143","targetHints":{"allow":["GET"]}}],"collection":[{"href":"https:\/\/www.lungcancergroup.de\/en\/wp-json\/wp\/v2\/pages"}],"about":[{"href":"https:\/\/www.lungcancergroup.de\/en\/wp-json\/wp\/v2\/types\/page"}],"author":[{"embeddable":true,"href":"https:\/\/www.lungcancergroup.de\/en\/wp-json\/wp\/v2\/users\/19"}],"replies":[{"embeddable":true,"href":"https:\/\/www.lungcancergroup.de\/en\/wp-json\/wp\/v2\/comments?post=1143"}],"version-history":[{"count":4,"href":"https:\/\/www.lungcancergroup.de\/en\/wp-json\/wp\/v2\/pages\/1143\/revisions"}],"predecessor-version":[{"id":3844,"href":"https:\/\/www.lungcancergroup.de\/en\/wp-json\/wp\/v2\/pages\/1143\/revisions\/3844"}],"wp:attachment":[{"href":"https:\/\/www.lungcancergroup.de\/en\/wp-json\/wp\/v2\/media?parent=1143"}],"curies":[{"name":"wp","href":"https:\/\/api.w.org\/{rel}","templated":true}]}}