{"id":438,"date":"2015-12-08T10:10:35","date_gmt":"2015-12-08T09:10:35","guid":{"rendered":"https:\/\/www.lungcancergroup.de\/en\/lung-cancer-group-cologne-personalisierte-medizin\/"},"modified":"2022-09-07T11:08:21","modified_gmt":"2022-09-07T09:08:21","slug":"lung-cancer-group-cologne-personalisierte-medizin","status":"publish","type":"page","link":"https:\/\/www.lungcancergroup.de\/en\/","title":{"rendered":"Lung Cancer Group Cologne &#8211; Personalized Medicine"},"content":{"rendered":"<p>[et_pb_section fb_built=&#8221;1&#8243; fullwidth=&#8221;on&#8221; custom_padding_last_edited=&#8221;on|desktop&#8221; _builder_version=&#8221;3.22&#8243; custom_padding_tablet=&#8221;50px|0|50px|0&#8243; custom_padding_phone=&#8221;&#8221; transparent_background=&#8221;off&#8221; padding_mobile=&#8221;off&#8221; make_fullwidth=&#8221;off&#8221; use_custom_width=&#8221;off&#8221; width_unit=&#8221;on&#8221; global_colors_info=&#8221;{}&#8221;][et_pb_fullwidth_slider show_arrows=&#8221;off&#8221; show_pagination=&#8221;off&#8221; admin_label=&#8221;Header-Slider&#8221; _builder_version=&#8221;3.16&#8243; custom_padding=&#8221;|||&#8221; custom_padding_tablet=&#8221;|||&#8221; custom_padding_phone=&#8221;|||&#8221; custom_css_main_element=&#8221;max-height:350px;||height:350px;&#8221; custom_css_slide_description=&#8221;max-height:350px;||height:350px;&#8221; box_shadow_style=&#8221;preset6&#8243; box_shadow_blur=&#8221;10px&#8221; box_shadow_color=&#8221;rgba(0,0,0,0.1)&#8221; remove_inner_shadow=&#8221;off&#8221; hide_content_on_mobile=&#8221;off&#8221; hide_cta_on_mobile=&#8221;off&#8221; show_inner_shadow=&#8221;on&#8221; button_letter_spacing_hover=&#8221;0&#8243; global_colors_info=&#8221;{}&#8221; button_text_size__hover_enabled=&#8221;off&#8221; button_one_text_size__hover_enabled=&#8221;off&#8221; button_two_text_size__hover_enabled=&#8221;off&#8221; button_text_color__hover_enabled=&#8221;off&#8221; button_one_text_color__hover_enabled=&#8221;off&#8221; button_two_text_color__hover_enabled=&#8221;off&#8221; button_border_width__hover_enabled=&#8221;off&#8221; button_one_border_width__hover_enabled=&#8221;off&#8221; button_two_border_width__hover_enabled=&#8221;off&#8221; button_border_color__hover_enabled=&#8221;off&#8221; button_one_border_color__hover_enabled=&#8221;off&#8221; button_two_border_color__hover_enabled=&#8221;off&#8221; button_border_radius__hover_enabled=&#8221;off&#8221; button_one_border_radius__hover_enabled=&#8221;off&#8221; button_two_border_radius__hover_enabled=&#8221;off&#8221; button_letter_spacing__hover_enabled=&#8221;on&#8221; button_letter_spacing__hover=&#8221;0&#8243; button_one_letter_spacing__hover_enabled=&#8221;off&#8221; button_two_letter_spacing__hover_enabled=&#8221;off&#8221; button_bg_color__hover_enabled=&#8221;off&#8221; button_one_bg_color__hover_enabled=&#8221;off&#8221; button_two_bg_color__hover_enabled=&#8221;off&#8221;][et_pb_slide use_bg_overlay=&#8221;off&#8221; use_text_overlay=&#8221;off&#8221; admin_title=&#8221;Headergrafik&#8221; _builder_version=&#8221;3.16&#8243; header_font=&#8221;||||&#8221; body_font=&#8221;||||&#8221; background_color=&#8221;#ffffff&#8221; background_image=&#8221;https:\/\/www.lungcancergroup.de\/wp-content\/uploads\/2015\/12\/LCGC-Team.jpg&#8221; button_icon_placement=&#8221;right&#8221; button_on_hover=&#8221;on&#8221; global_colors_info=&#8221;{}&#8221; sticky_transition=&#8221;on&#8221; button_text_size__hover_enabled=&#8221;off&#8221; button_one_text_size__hover_enabled=&#8221;off&#8221; button_two_text_size__hover_enabled=&#8221;off&#8221; button_text_color__hover_enabled=&#8221;off&#8221; button_one_text_color__hover_enabled=&#8221;off&#8221; button_two_text_color__hover_enabled=&#8221;off&#8221; button_border_width__hover_enabled=&#8221;off&#8221; button_one_border_width__hover_enabled=&#8221;off&#8221; button_two_border_width__hover_enabled=&#8221;off&#8221; button_border_color__hover_enabled=&#8221;off&#8221; button_one_border_color__hover_enabled=&#8221;off&#8221; button_two_border_color__hover_enabled=&#8221;off&#8221; button_border_radius__hover_enabled=&#8221;off&#8221; button_one_border_radius__hover_enabled=&#8221;off&#8221; button_two_border_radius__hover_enabled=&#8221;off&#8221; button_letter_spacing__hover_enabled=&#8221;off&#8221; button_one_letter_spacing__hover_enabled=&#8221;off&#8221; button_two_letter_spacing__hover_enabled=&#8221;off&#8221; button_bg_color__hover_enabled=&#8221;off&#8221; button_one_bg_color__hover_enabled=&#8221;off&#8221; button_two_bg_color__hover_enabled=&#8221;off&#8221;] [\/et_pb_slide][\/et_pb_fullwidth_slider][\/et_pb_section][et_pb_section fb_built=&#8221;1&#8243; admin_label=&#8221;section&#8221; _builder_version=&#8221;3.22&#8243; global_colors_info=&#8221;{}&#8221;][et_pb_row padding_mobile=&#8221;off&#8221; column_padding_mobile=&#8221;on&#8221; admin_label=&#8221;row&#8221; _builder_version=&#8221;3.25&#8243; background_size=&#8221;initial&#8221; background_position=&#8221;top_left&#8221; background_repeat=&#8221;repeat&#8221; make_fullwidth=&#8221;off&#8221; use_custom_width=&#8221;off&#8221; width_unit=&#8221;on&#8221; global_colors_info=&#8221;{}&#8221; column_structure=&#8221;2_3,1_3&#8243;][et_pb_column type=&#8221;2_3&#8243; _builder_version=&#8221;3.25&#8243; custom_padding=&#8221;|||&#8221; global_colors_info=&#8221;{}&#8221; custom_padding__hover=&#8221;|||&#8221;][et_pb_text admin_label=&#8221;\u00dcber die LCGC&#8221; _builder_version=&#8221;4.10.8&#8243; background_size=&#8221;initial&#8221; background_position=&#8221;top_left&#8221; background_repeat=&#8221;repeat&#8221; hover_enabled=&#8221;0&#8243; use_border_color=&#8221;off&#8221; border_color=&#8221;#ffffff&#8221; border_style=&#8221;solid&#8221; global_colors_info=&#8221;{}&#8221; sticky_enabled=&#8221;0&#8243;]<\/p>\n<h1>LCGC \u2013 Wer wir sind<\/h1>\n<p>Die Lung Cancer Group Cologne (LCGC) wurde 2005 im Centrum f\u00fcr Integrierte Onkologie (CIO) am Universit\u00e4tsklinikum K\u00f6ln gegr\u00fcndet. In der LCGC arbeiten \u00c4rzte und Wissenschaftler mit ihren Teams zusammen an der Verbesserung der Therapie von Lungenkrebs. Wir sind davon \u00fcberzeugt, dass zur Erreichung dieses Ziels das Verst\u00e4ndnis der biologischen Grundlagen von Lungenkrebs, eine akkurate molekulare Diagnostik und auf biologischen Rationalen basierende klinische Studien Hand in Hand gehen m\u00fcssen.<\/p>\n<p style=\"text-align: right;\">Unsere Studienseite findet sich derzeit in der Wartung. Aktuelle Studien finden Sie <a href=\"https:\/\/innere1.uk-koeln.de\/forschung\/klinische-studien\/\" target=\"_blank\" rel=\"noopener\">hier<\/a>.<\/p>\n<p>[\/et_pb_text][et_pb_cta button_url=&#8221;https:\/\/www.lungcancergroup.de\/en\/who-we-are\/&#8221; button_text=&#8221;\u2026 mehr erfahren&#8221; _builder_version=&#8221;3.16&#8243; use_background_color=&#8221;off&#8221; background_size=&#8221;initial&#8221; background_position=&#8221;top_left&#8221; background_repeat=&#8221;repeat&#8221; text_orientation=&#8221;left&#8221; background_layout=&#8221;light&#8221; button_border_radius_hover=&#8221;3&#8243; button_letter_spacing_hover=&#8221;0&#8243; use_border_color=&#8221;off&#8221; border_color=&#8221;#ffffff&#8221; border_style=&#8221;solid&#8221; global_colors_info=&#8221;{}&#8221; button_text_size__hover_enabled=&#8221;off&#8221; button_one_text_size__hover_enabled=&#8221;off&#8221; button_two_text_size__hover_enabled=&#8221;off&#8221; button_text_color__hover_enabled=&#8221;off&#8221; button_one_text_color__hover_enabled=&#8221;off&#8221; button_two_text_color__hover_enabled=&#8221;off&#8221; button_border_width__hover_enabled=&#8221;off&#8221; button_one_border_width__hover_enabled=&#8221;off&#8221; button_two_border_width__hover_enabled=&#8221;off&#8221; button_border_color__hover_enabled=&#8221;off&#8221; button_one_border_color__hover_enabled=&#8221;off&#8221; button_two_border_color__hover_enabled=&#8221;off&#8221; button_border_radius__hover_enabled=&#8221;on&#8221; button_border_radius__hover=&#8221;3&#8243; button_one_border_radius__hover_enabled=&#8221;off&#8221; button_two_border_radius__hover_enabled=&#8221;off&#8221; button_letter_spacing__hover_enabled=&#8221;on&#8221; button_letter_spacing__hover=&#8221;0&#8243; button_one_letter_spacing__hover_enabled=&#8221;off&#8221; button_two_letter_spacing__hover_enabled=&#8221;off&#8221; button_bg_color__hover_enabled=&#8221;off&#8221; button_one_bg_color__hover_enabled=&#8221;off&#8221; button_two_bg_color__hover_enabled=&#8221;off&#8221;][\/et_pb_cta][\/et_pb_column][et_pb_column type=&#8221;1_3&#8243; _builder_version=&#8221;3.25&#8243; background_color=&#8221;#efefef&#8221; custom_padding=&#8221;|||&#8221; global_colors_info=&#8221;{}&#8221; custom_padding__hover=&#8221;|||&#8221;][et_pb_text admin_label=&#8221;Suchmaske Studie&#8221; _builder_version=&#8221;3.27.4&#8243; background_size=&#8221;initial&#8221; background_position=&#8221;top_left&#8221; background_repeat=&#8221;repeat&#8221; custom_padding=&#8221;20px|20px|20px|20px&#8221; border_width_all=&#8221;2px&#8221; border_color_all=&#8221;#3b78aa&#8221; border_style_all=&#8221;solid&#8221; use_border_color=&#8221;on&#8221; border_color=&#8221;#3b78aa&#8221; border_width=&#8221;2px&#8221; border_style=&#8221;solid&#8221; global_colors_info=&#8221;{}&#8221;]<\/p>\n<h3>Studie finden<\/h3>\n<p><form data-sf-form-id='1458' data-is-rtl='0' data-maintain-state='' data-results-url='https:\/\/www.lungcancergroup.de\/en\/studienuebersicht\/' data-ajax-form-url='https:\/\/www.lungcancergroup.de\/en\/?sfid=1458&amp;sf_action=get_data&amp;sf_data=form' data-display-result-method='archive' data-use-history-api='1' data-template-loaded='0' data-lang-code='en' data-ajax='0' data-init-paged='1' data-auto-update='' action='https:\/\/www.lungcancergroup.de\/en\/studienuebersicht\/' method='post' class='searchandfilter' id='search-filter-form-1458' autocomplete='off' data-instance-count='1'><ul><li class=\"sf-field-taxonomy-marker\" data-sf-field-name=\"_sft_marker\" data-sf-field-type=\"taxonomy\" data-sf-field-input-type=\"select\"><h4>Genmutation (Marker)<\/h4>\t\t<label>\r\n\t\t\t\t<select name=\"_sft_marker[]\" class=\"sf-input-select\" title=\"\">\r\n\t\t\t\r\n\t\t\t\t\t\t<option class=\"sf-level-0 sf-item-0 sf-option-active\" selected=\"selected\" data-sf-count=\"0\" data-sf-depth=\"0\" value=\"\">All Marker<\/option>\r\n\t\t\t\t\t<\/select>\r\n\t\t<\/label>\t\t<\/li><li class=\"sf-field-submit\" data-sf-field-name=\"submit\" data-sf-field-type=\"submit\" data-sf-field-input-type=\"\"><input type=\"submit\" name=\"_sf_submit\" value=\"Submit\"><\/li><\/ul><\/form> [\/et_pb_text][\/et_pb_column][\/et_pb_row][\/et_pb_section][et_pb_section fb_built=&#8221;1&#8243; custom_padding_last_edited=&#8221;on|desktop&#8221; admin_label=&#8221;section&#8221; _builder_version=&#8221;3.22&#8243; background_color=&#8221;#efefef&#8221; custom_padding_tablet=&#8221;50px|0|50px|0&#8243; custom_padding_phone=&#8221;&#8221; transparent_background=&#8221;off&#8221; padding_mobile=&#8221;off&#8221; make_fullwidth=&#8221;off&#8221; use_custom_width=&#8221;off&#8221; width_unit=&#8221;on&#8221; global_colors_info=&#8221;{}&#8221;][et_pb_row admin_label=&#8221;row&#8221; _builder_version=&#8221;3.25&#8243; background_size=&#8221;initial&#8221; background_position=&#8221;top_left&#8221; background_repeat=&#8221;repeat&#8221; global_colors_info=&#8221;{}&#8221;][et_pb_column type=&#8221;4_4&#8243; _builder_version=&#8221;3.25&#8243; custom_padding=&#8221;|||&#8221; global_colors_info=&#8221;{}&#8221; custom_padding__hover=&#8221;|||&#8221;][et_pb_text _builder_version=&#8221;3.27.4&#8243; background_size=&#8221;initial&#8221; background_position=&#8221;top_left&#8221; background_repeat=&#8221;repeat&#8221; use_border_color=&#8221;off&#8221; border_color=&#8221;#ffffff&#8221; border_style=&#8221;solid&#8221; global_colors_info=&#8221;{}&#8221;]<\/p>\n<h2>Aktuelles<\/h2>\n<p>[\/et_pb_text][et_pb_blog fullwidth=&#8221;off&#8221; posts_number=&#8221;3&#8243; show_more=&#8221;on&#8221; show_author=&#8221;off&#8221; show_pagination=&#8221;off&#8221; admin_label=&#8221;Aktuelles&#8221; _builder_version=&#8221;3.0.94&#8243; header_font_size=&#8221;17&#8243; meta_font_size=&#8221;12&#8243; use_border_color=&#8221;off&#8221; border_color=&#8221;#ffffff&#8221; border_style=&#8221;solid&#8221; use_dropshadow=&#8221;off&#8221; global_colors_info=&#8221;{}&#8221;][\/et_pb_blog][\/et_pb_column][\/et_pb_row][\/et_pb_section][et_pb_section fb_built=&#8221;1&#8243; custom_padding_last_edited=&#8221;on|desktop&#8221; admin_label=&#8221;section&#8221; _builder_version=&#8221;3.22&#8243; background_color=&#8221;#ffffff&#8221; custom_padding_tablet=&#8221;50px|0|50px|0&#8243; custom_padding_phone=&#8221;&#8221; transparent_background=&#8221;off&#8221; padding_mobile=&#8221;off&#8221; make_fullwidth=&#8221;off&#8221; use_custom_width=&#8221;off&#8221; width_unit=&#8221;on&#8221; global_colors_info=&#8221;{}&#8221;][et_pb_row admin_label=&#8221;row&#8221; _builder_version=&#8221;3.25&#8243; background_size=&#8221;initial&#8221; background_position=&#8221;top_left&#8221; background_repeat=&#8221;repeat&#8221; global_colors_info=&#8221;{}&#8221;][et_pb_column type=&#8221;4_4&#8243; _builder_version=&#8221;3.25&#8243; custom_padding=&#8221;|||&#8221; global_colors_info=&#8221;{}&#8221; custom_padding__hover=&#8221;|||&#8221;][et_pb_text admin_label=&#8221;Translationale Genomik&#8221; _builder_version=&#8221;3.27.4&#8243; background_size=&#8221;initial&#8221; background_position=&#8221;top_left&#8221; background_repeat=&#8221;repeat&#8221; use_border_color=&#8221;off&#8221; border_color=&#8221;#ffffff&#8221; border_style=&#8221;solid&#8221; global_colors_info=&#8221;{}&#8221;]<\/p>\n<h2>Translationale Genomik<\/h2>\n<p>Voraussetzung f\u00fcr die Entwicklung wirksamer neuer Therapien gegen Lungenkrebs ist ein pr\u00e4zises Verst\u00e4ndnis der molekularen Grundlagen dieser Erkrankung. In der LCGC besteht daher eine enge Zusammenarbeit mit den Arbeitsgruppen der Translationalen Genomik an der Universit\u00e4t K\u00f6ln.<br \/>\n[\/et_pb_text][et_pb_cta button_url=&#8221;https:\/\/www.lungcancergroup.de\/en\/molecularpathology\/#translationale-genomik&#8221; button_text=&#8221;\u2026 mehr erfahren&#8221; _builder_version=&#8221;3.16&#8243; use_background_color=&#8221;off&#8221; background_size=&#8221;initial&#8221; background_position=&#8221;top_left&#8221; background_repeat=&#8221;repeat&#8221; text_orientation=&#8221;left&#8221; background_layout=&#8221;light&#8221; button_border_radius_hover=&#8221;3&#8243; button_letter_spacing_hover=&#8221;0&#8243; use_border_color=&#8221;off&#8221; border_color=&#8221;#ffffff&#8221; border_style=&#8221;solid&#8221; global_colors_info=&#8221;{}&#8221; button_text_size__hover_enabled=&#8221;off&#8221; button_one_text_size__hover_enabled=&#8221;off&#8221; button_two_text_size__hover_enabled=&#8221;off&#8221; button_text_color__hover_enabled=&#8221;off&#8221; button_one_text_color__hover_enabled=&#8221;off&#8221; button_two_text_color__hover_enabled=&#8221;off&#8221; button_border_width__hover_enabled=&#8221;off&#8221; button_one_border_width__hover_enabled=&#8221;off&#8221; button_two_border_width__hover_enabled=&#8221;off&#8221; button_border_color__hover_enabled=&#8221;off&#8221; button_one_border_color__hover_enabled=&#8221;off&#8221; button_two_border_color__hover_enabled=&#8221;off&#8221; button_border_radius__hover_enabled=&#8221;on&#8221; button_border_radius__hover=&#8221;3&#8243; button_one_border_radius__hover_enabled=&#8221;off&#8221; button_two_border_radius__hover_enabled=&#8221;off&#8221; button_letter_spacing__hover_enabled=&#8221;on&#8221; button_letter_spacing__hover=&#8221;0&#8243; button_one_letter_spacing__hover_enabled=&#8221;off&#8221; button_two_letter_spacing__hover_enabled=&#8221;off&#8221; button_bg_color__hover_enabled=&#8221;off&#8221; button_one_bg_color__hover_enabled=&#8221;off&#8221; button_two_bg_color__hover_enabled=&#8221;off&#8221;][\/et_pb_cta][\/et_pb_column][\/et_pb_row][\/et_pb_section]<\/p>\n","protected":false},"excerpt":{"rendered":"<p>LCGC \u2013 Wer wir sind Die Lung Cancer Group Cologne (LCGC) wurde 2005 im Centrum f\u00fcr Integrierte Onkologie (CIO) am Universit\u00e4tsklinikum K\u00f6ln gegr\u00fcndet. In der LCGC arbeiten \u00c4rzte und Wissenschaftler mit ihren Teams zusammen an der Verbesserung der Therapie von Lungenkrebs. Wir sind davon \u00fcberzeugt, dass zur Erreichung dieses Ziels das Verst\u00e4ndnis der biologischen Grundlagen [&hellip;]<\/p>\n","protected":false},"author":19,"featured_media":0,"parent":0,"menu_order":0,"comment_status":"closed","ping_status":"closed","template":"","meta":{"_et_pb_use_builder":"on","_et_pb_old_content":"","_et_gb_content_width":"","footnotes":""},"class_list":["post-438","page","type-page","status-publish","hentry"],"yoast_head":"<!-- This site is optimized with the Yoast SEO plugin v24.7 - https:\/\/yoast.com\/wordpress\/plugins\/seo\/ -->\n<title>Lung Cancer Group Cologne - Personalized Medicine - Lung Cancer Group Cologne<\/title>\n<meta name=\"robots\" content=\"index, follow, max-snippet:-1, max-image-preview:large, max-video-preview:-1\" \/>\n<link rel=\"canonical\" href=\"https:\/\/www.lungcancergroup.de\/en\/\" \/>\n<meta property=\"og:locale\" content=\"en_US\" \/>\n<meta property=\"og:type\" content=\"article\" \/>\n<meta property=\"og:title\" content=\"Lung Cancer Group Cologne - Personalized Medicine - Lung Cancer Group Cologne\" \/>\n<meta property=\"og:description\" content=\"LCGC \u2013 Wer wir sind Die Lung Cancer Group Cologne (LCGC) wurde 2005 im Centrum f\u00fcr Integrierte Onkologie (CIO) am Universit\u00e4tsklinikum K\u00f6ln gegr\u00fcndet. In der LCGC arbeiten \u00c4rzte und Wissenschaftler mit ihren Teams zusammen an der Verbesserung der Therapie von Lungenkrebs. Wir sind davon \u00fcberzeugt, dass zur Erreichung dieses Ziels das Verst\u00e4ndnis der biologischen Grundlagen [&hellip;]\" \/>\n<meta property=\"og:url\" content=\"https:\/\/www.lungcancergroup.de\/en\/\" \/>\n<meta property=\"og:site_name\" content=\"Lung Cancer Group Cologne\" \/>\n<meta property=\"article:modified_time\" content=\"2022-09-07T09:08:21+00:00\" \/>\n<meta name=\"twitter:card\" content=\"summary_large_image\" \/>\n<meta name=\"twitter:label1\" content=\"Est. reading time\" \/>\n\t<meta name=\"twitter:data1\" content=\"8 minutes\" \/>\n<script type=\"application\/ld+json\" class=\"yoast-schema-graph\">{\"@context\":\"https:\/\/schema.org\",\"@graph\":[{\"@type\":\"WebPage\",\"@id\":\"https:\/\/www.lungcancergroup.de\/en\/\",\"url\":\"https:\/\/www.lungcancergroup.de\/en\/\",\"name\":\"Lung Cancer Group Cologne - Personalized Medicine - Lung Cancer Group Cologne\",\"isPartOf\":{\"@id\":\"https:\/\/www.lungcancergroup.de\/en\/#website\"},\"datePublished\":\"2015-12-08T09:10:35+00:00\",\"dateModified\":\"2022-09-07T09:08:21+00:00\",\"breadcrumb\":{\"@id\":\"https:\/\/www.lungcancergroup.de\/en\/#breadcrumb\"},\"inLanguage\":\"en-US\",\"potentialAction\":[{\"@type\":\"ReadAction\",\"target\":[\"https:\/\/www.lungcancergroup.de\/en\/\"]}]},{\"@type\":\"BreadcrumbList\",\"@id\":\"https:\/\/www.lungcancergroup.de\/en\/#breadcrumb\",\"itemListElement\":[{\"@type\":\"ListItem\",\"position\":1,\"name\":\"Startseite\",\"item\":\"https:\/\/www.lungcancergroup.de\/en\/\"},{\"@type\":\"ListItem\",\"position\":2,\"name\":\"Lung Cancer Group Cologne &#8211; Personalized Medicine\"}]},{\"@type\":\"WebSite\",\"@id\":\"https:\/\/www.lungcancergroup.de\/en\/#website\",\"url\":\"https:\/\/www.lungcancergroup.de\/en\/\",\"name\":\"Lung Cancer Group Cologne\",\"description\":\"Lungenkrebs Studiengruppe K\u00f6ln\",\"potentialAction\":[{\"@type\":\"SearchAction\",\"target\":{\"@type\":\"EntryPoint\",\"urlTemplate\":\"https:\/\/www.lungcancergroup.de\/en\/?s={search_term_string}\"},\"query-input\":{\"@type\":\"PropertyValueSpecification\",\"valueRequired\":true,\"valueName\":\"search_term_string\"}}],\"inLanguage\":\"en-US\"}]}<\/script>\n<!-- \/ Yoast SEO plugin. -->","yoast_head_json":{"title":"Lung Cancer Group Cologne - Personalized Medicine - Lung Cancer Group Cologne","robots":{"index":"index","follow":"follow","max-snippet":"max-snippet:-1","max-image-preview":"max-image-preview:large","max-video-preview":"max-video-preview:-1"},"canonical":"https:\/\/www.lungcancergroup.de\/en\/","og_locale":"en_US","og_type":"article","og_title":"Lung Cancer Group Cologne - Personalized Medicine - Lung Cancer Group Cologne","og_description":"LCGC \u2013 Wer wir sind Die Lung Cancer Group Cologne (LCGC) wurde 2005 im Centrum f\u00fcr Integrierte Onkologie (CIO) am Universit\u00e4tsklinikum K\u00f6ln gegr\u00fcndet. In der LCGC arbeiten \u00c4rzte und Wissenschaftler mit ihren Teams zusammen an der Verbesserung der Therapie von Lungenkrebs. Wir sind davon \u00fcberzeugt, dass zur Erreichung dieses Ziels das Verst\u00e4ndnis der biologischen Grundlagen [&hellip;]","og_url":"https:\/\/www.lungcancergroup.de\/en\/","og_site_name":"Lung Cancer Group Cologne","article_modified_time":"2022-09-07T09:08:21+00:00","twitter_card":"summary_large_image","twitter_misc":{"Est. reading time":"8 minutes"},"schema":{"@context":"https:\/\/schema.org","@graph":[{"@type":"WebPage","@id":"https:\/\/www.lungcancergroup.de\/en\/","url":"https:\/\/www.lungcancergroup.de\/en\/","name":"Lung Cancer Group Cologne - Personalized Medicine - Lung Cancer Group Cologne","isPartOf":{"@id":"https:\/\/www.lungcancergroup.de\/en\/#website"},"datePublished":"2015-12-08T09:10:35+00:00","dateModified":"2022-09-07T09:08:21+00:00","breadcrumb":{"@id":"https:\/\/www.lungcancergroup.de\/en\/#breadcrumb"},"inLanguage":"en-US","potentialAction":[{"@type":"ReadAction","target":["https:\/\/www.lungcancergroup.de\/en\/"]}]},{"@type":"BreadcrumbList","@id":"https:\/\/www.lungcancergroup.de\/en\/#breadcrumb","itemListElement":[{"@type":"ListItem","position":1,"name":"Startseite","item":"https:\/\/www.lungcancergroup.de\/en\/"},{"@type":"ListItem","position":2,"name":"Lung Cancer Group Cologne &#8211; Personalized Medicine"}]},{"@type":"WebSite","@id":"https:\/\/www.lungcancergroup.de\/en\/#website","url":"https:\/\/www.lungcancergroup.de\/en\/","name":"Lung Cancer Group Cologne","description":"Lungenkrebs Studiengruppe K\u00f6ln","potentialAction":[{"@type":"SearchAction","target":{"@type":"EntryPoint","urlTemplate":"https:\/\/www.lungcancergroup.de\/en\/?s={search_term_string}"},"query-input":{"@type":"PropertyValueSpecification","valueRequired":true,"valueName":"search_term_string"}}],"inLanguage":"en-US"}]}},"_links":{"self":[{"href":"https:\/\/www.lungcancergroup.de\/en\/wp-json\/wp\/v2\/pages\/438","targetHints":{"allow":["GET"]}}],"collection":[{"href":"https:\/\/www.lungcancergroup.de\/en\/wp-json\/wp\/v2\/pages"}],"about":[{"href":"https:\/\/www.lungcancergroup.de\/en\/wp-json\/wp\/v2\/types\/page"}],"author":[{"embeddable":true,"href":"https:\/\/www.lungcancergroup.de\/en\/wp-json\/wp\/v2\/users\/19"}],"replies":[{"embeddable":true,"href":"https:\/\/www.lungcancergroup.de\/en\/wp-json\/wp\/v2\/comments?post=438"}],"version-history":[{"count":5,"href":"https:\/\/www.lungcancergroup.de\/en\/wp-json\/wp\/v2\/pages\/438\/revisions"}],"predecessor-version":[{"id":4135,"href":"https:\/\/www.lungcancergroup.de\/en\/wp-json\/wp\/v2\/pages\/438\/revisions\/4135"}],"wp:attachment":[{"href":"https:\/\/www.lungcancergroup.de\/en\/wp-json\/wp\/v2\/media?parent=438"}],"curies":[{"name":"wp","href":"https:\/\/api.w.org\/{rel}","templated":true}]}}